{"id":1019,"date":"2020-02-23T12:26:20","date_gmt":"2020-02-23T11:26:20","guid":{"rendered":"https:\/\/blank-bike.de\/wp\/?page_id=1019"},"modified":"2020-02-23T16:05:05","modified_gmt":"2020-02-23T15:05:05","slug":"preise-fuer-individuelle-motorrad-umbauten-durch-blank-bike","status":"publish","type":"page","link":"https:\/\/www.blank-bike.de\/wp\/preise-fuer-individuelle-motorrad-umbauten-durch-blank-bike\/","title":{"rendered":"Preise f\u00fcr individuelle Motorrad-Umbauten durch Blank-Bike"},"content":{"rendered":"\n<style type=\"text\/css\" data-created_by=\"avia_inline_auto\" id=\"style-css-av-948xqj-bdb023c1bd7b5930430343a59527ca2a\">\n.flex_column.av-948xqj-bdb023c1bd7b5930430343a59527ca2a{\nborder-radius:0px 0px 0px 0px;\npadding:0px 0px 0px 0px;\n}\n<\/style>\n<div  class='flex_column av-948xqj-bdb023c1bd7b5930430343a59527ca2a av_one_full  avia-builder-el-0  el_before_av_textblock  avia-builder-el-first  first flex_column_div av-zero-column-padding  '     ><style type=\"text\/css\" data-created_by=\"avia_inline_auto\" id=\"style-css-av-k6yy3oso-e5b78b6d6491c40d28e5fc875409df2a\">\n#top .av-special-heading.av-k6yy3oso-e5b78b6d6491c40d28e5fc875409df2a{\npadding-bottom:10px;\n}\nbody .av-special-heading.av-k6yy3oso-e5b78b6d6491c40d28e5fc875409df2a .av-special-heading-tag .heading-char{\nfont-size:25px;\n}\n.av-special-heading.av-k6yy3oso-e5b78b6d6491c40d28e5fc875409df2a .av-subheading{\nfont-size:15px;\n}\n<\/style>\n<div  class='av-special-heading av-k6yy3oso-e5b78b6d6491c40d28e5fc875409df2a av-special-heading-h1  avia-builder-el-1  avia-builder-el-no-sibling '><h1 class='av-special-heading-tag '  itemprop=\"headline\"  >Unsere Preise<\/h1><div class=\"special-heading-border\"><div class=\"special-heading-inner-border\"><\/div><\/div><\/div><\/div>\n\n<style type=\"text\/css\" data-created_by=\"avia_inline_auto\" id=\"style-css-av-k6yybmzk-a575d8fb0c7e115aaebf70d31c3290cd\">\n#top .av_textblock_section.av-k6yybmzk-a575d8fb0c7e115aaebf70d31c3290cd .avia_textblock{\nfont-size:15px;\n}\n<\/style>\n<section  class='av_textblock_section av-k6yybmzk-a575d8fb0c7e115aaebf70d31c3290cd '   itemscope=\"itemscope\" itemtype=\"https:\/\/schema.org\/CreativeWork\" ><div class='avia_textblock'  itemprop=\"text\" ><p>Wir erstellen dir freilich auch ein verbindliches Angebot, sobald du uns etwas ausf\u00fchrlicher von deinen Vorstellungen erz\u00e4hlt hast. Du kannst aber bei uns auch eine Preisliste f\u00fcr die einzelnen Komponenten eines Umbaus anfragen, um zumindest mal grob abzusch\u00e4tzen, ob ein Custom-Bike-Umbau f\u00fcr dich infrage kommt. F\u00fcll dazu bitte einfach dieses Formular hier aus, die Preisliste erh\u00e4ltst du dann automatisch (in der Regel innerhalb weniger Sekunden) per E-Mail:<\/p>\n<\/div><\/section>\n\n<style type=\"text\/css\" data-created_by=\"avia_inline_auto\" id=\"style-css-av-89ngyj-a88f83a9ec6417e2930229094aa2f9b0\">\n.flex_column.av-89ngyj-a88f83a9ec6417e2930229094aa2f9b0{\nborder-radius:0px 0px 0px 0px;\npadding:0px 0px 0px 0px;\n}\n<\/style>\n<div  class='flex_column av-89ngyj-a88f83a9ec6417e2930229094aa2f9b0 av_four_fifth  avia-builder-el-3  el_after_av_textblock  el_before_av_one_fifth  first flex_column_div av-zero-column-padding  column-top-margin'     ><section  class='av_textblock_section av-k6yy109n-8795d7eac3be4bb8befd78933c6e42c5 '   itemscope=\"itemscope\" itemtype=\"https:\/\/schema.org\/CreativeWork\" ><div class='avia_textblock'  itemprop=\"text\" ><h3>Preislistenanfrage<\/h3>\n\n<div class=\"wpcf7 no-js\" id=\"wpcf7-f1018-o1\" lang=\"de-DE\" dir=\"ltr\" data-wpcf7-id=\"1018\">\n<div class=\"screen-reader-response\"><p role=\"status\" aria-live=\"polite\" aria-atomic=\"true\"><\/p> <ul><\/ul><\/div>\n<form action=\"\/wp\/wp-json\/wp\/v2\/pages\/1019#wpcf7-f1018-o1\" method=\"post\" class=\"wpcf7-form init\" aria-label=\"Kontaktformular\" novalidate=\"novalidate\" data-status=\"init\">\n<div style=\"display: none;\">\n<input type=\"hidden\" name=\"_wpcf7\" value=\"1018\" \/>\n<input type=\"hidden\" name=\"_wpcf7_version\" value=\"6.0.4\" \/>\n<input type=\"hidden\" name=\"_wpcf7_locale\" value=\"de_DE\" \/>\n<input type=\"hidden\" name=\"_wpcf7_unit_tag\" value=\"wpcf7-f1018-o1\" \/>\n<input type=\"hidden\" name=\"_wpcf7_container_post\" value=\"0\" \/>\n<input type=\"hidden\" name=\"_wpcf7_posted_data_hash\" value=\"\" \/>\n<\/div>\n<p><label> Dein Name (Pflichtfeld)<br \/>\n<span class=\"wpcf7-form-control-wrap\" data-name=\"your-name\"><input size=\"40\" maxlength=\"400\" class=\"wpcf7-form-control wpcf7-text wpcf7-validates-as-required\" aria-required=\"true\" aria-invalid=\"false\" value=\"\" type=\"text\" name=\"your-name\" \/><\/span> <\/label>\n<\/p>\n<p><label> Deine E-Mail-Adresse (Pflichtfeld)<br \/>\n<span class=\"wpcf7-form-control-wrap\" data-name=\"your-email\"><input size=\"40\" maxlength=\"400\" class=\"wpcf7-form-control wpcf7-email wpcf7-validates-as-required wpcf7-text wpcf7-validates-as-email\" aria-required=\"true\" aria-invalid=\"false\" value=\"\" type=\"email\" name=\"your-email\" \/><\/span> <\/label>\n<\/p>\n<p><label> Telefonnummer<br \/>\n<span class=\"wpcf7-form-control-wrap\" data-name=\"your-phone\"><input size=\"40\" maxlength=\"400\" class=\"wpcf7-form-control wpcf7-tel wpcf7-text wpcf7-validates-as-tel\" aria-invalid=\"false\" value=\"\" type=\"tel\" name=\"your-phone\" \/><\/span> <\/label>\n<\/p>\n<p><span class=\"wpcf7-form-control-wrap\" data-name=\"accept-gdpr\"><span class=\"wpcf7-form-control wpcf7-acceptance\"><span class=\"wpcf7-list-item\"><label><input type=\"checkbox\" name=\"accept-gdpr\" value=\"1\" aria-invalid=\"false\" \/><span class=\"wpcf7-list-item-label\"><a href=\"\/wp\/datenschutzerklaerung\" target=\"_blank\">Datenschutzbedingungen<\/a> gelesen und akzeptiert<\/span><\/label><\/span><\/span><\/span> (Pflicht)<br \/>\n<span class=\"wpcf7-form-control-wrap\" data-name=\"accept-contact\"><span class=\"wpcf7-form-control wpcf7-acceptance\"><span class=\"wpcf7-list-item\"><label><input type=\"checkbox\" name=\"accept-contact\" value=\"1\" aria-invalid=\"false\" \/><span class=\"wpcf7-list-item-label\">Blank-Bike darf mich auf den oben ausgef\u00fcllten Wegen kontaktieren<\/span><\/label><\/span><\/span><\/span> (Pflicht)\n<\/p>\n<p>Den Download-Link erh\u00e4ltst du nach Abschicken dieses Formulars an die oben eingetragene E-Mail-Adresse.\n<\/p>\n<p><input class=\"wpcf7-form-control wpcf7-submit has-spinner\" type=\"submit\" value=\"Senden\" \/>\n<\/p><div class=\"wpcf7-response-output\" aria-hidden=\"true\"><\/div>\n<\/form>\n<\/div>\n\n<\/div><\/section><\/div>\n\n<style type=\"text\/css\" data-created_by=\"avia_inline_auto\" id=\"style-css-av-fki03-4858fbe9eb0849433fe00c162a00d555\">\n.flex_column.av-fki03-4858fbe9eb0849433fe00c162a00d555{\nborder-radius:0px 0px 0px 0px;\npadding:0px 0px 0px 0px;\n}\n<\/style>\n<div  class='flex_column av-fki03-4858fbe9eb0849433fe00c162a00d555 av_one_fifth  avia-builder-el-5  el_after_av_four_fifth  el_before_av_hr  flex_column_div av-zero-column-padding  column-top-margin'     ><p>\n<style type=\"text\/css\" data-created_by=\"avia_inline_auto\" id=\"style-css-av-k525dv4s-4614ccf7e0804e9f660a6ae309c5aa31\">\n.av_font_icon.av-k525dv4s-4614ccf7e0804e9f660a6ae309c5aa31{\ncolor:#fc7030;\nborder-color:#fc7030;\n}\n.avia-svg-icon.av-k525dv4s-4614ccf7e0804e9f660a6ae309c5aa31 svg:first-child{\nstroke:#fc7030;\nfill:#fc7030;\n}\n.av_font_icon.av-k525dv4s-4614ccf7e0804e9f660a6ae309c5aa31 .av-icon-char{\nfont-size:40px;\nline-height:40px;\nwidth:40px;\n}\n<\/style>\n<span  class='av_font_icon av-k525dv4s-4614ccf7e0804e9f660a6ae309c5aa31 avia_animate_when_visible av-icon-style-border avia-icon-pos-center avia-iconfont avia-font-entypo-fontello avia-icon-animate'><span class='av-icon-char' data-av_icon='\ue805' data-av_iconfont='entypo-fontello' aria-hidden=\"true\" ><\/span><span class='av_icon_caption av-special-font'>Kontakt<\/span><\/span><br \/>\n<section  class='av_textblock_section av-k6xfe7k7-760db3e292000af20905f42aaf6b2d2d '   itemscope=\"itemscope\" itemtype=\"https:\/\/schema.org\/CreativeWork\" ><div class='avia_textblock'  itemprop=\"text\" ><p>Freilich kannst du uns auch gerne per E-Mail, telefonisch, via WhatsApp oder pers\u00f6nlich kontaktieren:<\/p>\n<ul>\n<li><a href=\"mailto:info@blank-bike.de\">info@blank-bike.de<\/a><\/li>\n<li><a href=\"tel:0049 170 220 4543\">+49 170 220 4543<\/a><\/li>\n<li><a href=\"https:\/\/www.google.com\/maps\/dir\/\/Ebersdorf+2,+90599+Dietenhofen\/@49.4132339,10.642769,17z\/data=!4m9!4m8!1m0!1m5!1m1!1s0x4798a5985b390689:0x36271ccf3bbd43c4!2m2!1d10.6449577!2d49.4132339!3e0\" target=\"_blank\" rel=\"noopener noreferrer\">Ebersdorf 2<\/a><br \/>\n<a href=\"https:\/\/www.google.com\/maps\/dir\/\/Ebersdorf+2,+90599+Dietenhofen\/@49.4132339,10.642769,17z\/data=!4m9!4m8!1m0!1m5!1m1!1s0x4798a5985b390689:0x36271ccf3bbd43c4!2m2!1d10.6449577!2d49.4132339!3e0\" target=\"_blank\" rel=\"noopener noreferrer\">90599 Dietenhofen<\/a><\/li>\n<\/ul>\n<\/div><\/section><\/p><\/div>\n<div  class='hr av-64b9h7-d6e064a7508e654f0f9526771de3495c hr-default  avia-builder-el-8  el_after_av_one_fifth  el_before_av_one_full '><span class='hr-inner '><span class=\"hr-inner-style\"><\/span><\/span><\/div>\n\n<style type=\"text\/css\" data-created_by=\"avia_inline_auto\" id=\"style-css-av-4iz7x7-304765b0d67df072968096993a3ec562\">\n.flex_column.av-4iz7x7-304765b0d67df072968096993a3ec562{\nborder-radius:0px 0px 0px 0px;\npadding:0px 0px 0px 0px;\n}\n<\/style>\n<div  class='flex_column av-4iz7x7-304765b0d67df072968096993a3ec562 av_one_full  avia-builder-el-9  el_after_av_hr  el_before_av_one_full  first flex_column_div av-zero-column-padding  '     ><style type=\"text\/css\" data-created_by=\"avia_inline_auto\" id=\"style-css-av-k6yy3at7-e8cdfd5af4e0f4c54e2b578b54300f2f\">\n#top .av-special-heading.av-k6yy3at7-e8cdfd5af4e0f4c54e2b578b54300f2f{\npadding-bottom:10px;\n}\nbody .av-special-heading.av-k6yy3at7-e8cdfd5af4e0f4c54e2b578b54300f2f .av-special-heading-tag .heading-char{\nfont-size:25px;\n}\n.av-special-heading.av-k6yy3at7-e8cdfd5af4e0f4c54e2b578b54300f2f .av-subheading{\nfont-size:15px;\n}\n<\/style>\n<div  class='av-special-heading av-k6yy3at7-e8cdfd5af4e0f4c54e2b578b54300f2f av-special-heading-h3  avia-builder-el-10  avia-builder-el-no-sibling '><h3 class='av-special-heading-tag '  itemprop=\"headline\"  >Blogbeitr\u00e4ge zum Thema Preis:<\/h3><div class=\"special-heading-border\"><div class=\"special-heading-inner-border\"><\/div><\/div><\/div><\/div>\n\n<style type=\"text\/css\" data-created_by=\"avia_inline_auto\" id=\"style-css-av-1zbr23-c5a43688856f27a16573428ba387c75f\">\n.flex_column.av-1zbr23-c5a43688856f27a16573428ba387c75f{\nborder-radius:0px 0px 0px 0px;\npadding:0px 0px 0px 0px;\n}\n<\/style>\n<div  class='flex_column av-1zbr23-c5a43688856f27a16573428ba387c75f av_one_full  avia-builder-el-11  el_after_av_one_full  avia-builder-el-last  first flex_column_div av-zero-column-padding  column-top-margin'     ><div id='av-masonry-1' class='av-masonry av-k6yy2j68-926de1b35e769c964f16a3f94afbd800 noHover av-fixed-size av-1px-gap av-hover-overlay-active av-masonry-animation-active av-masonry-col-flexible av-caption-on-hover-hide av-caption-style- av-masonry-entries ' data-post_id=\"1019\"><div class=\"av-masonry-container isotope av-js-disabled\"><div class='av-masonry-entry isotope-item av-masonry-item-no-image all_sort blank-umbauten_sort  preise_sort '><\/div><a href=\"https:\/\/www.blank-bike.de\/wp\/2020\/02\/23\/schoene-und-bequeme-sitzbaenke-schon-ab-79-euro\/\"  id='av-masonry-1-item-1059' data-av-masonry-item='1059' class='av-masonry-entry isotope-item post-1059 post type-post status-publish format-standard has-post-thumbnail hentry category-blank-umbauten category-preise tag-optik tag-preis tag-sitzbank tag-umbau all_sort blank-umbauten_sort  preise_sort  av-masonry-item-with-image' title=\"Honda NX650\"   itemscope=\"itemscope\" itemtype=\"https:\/\/schema.org\/CreativeWork\" ><div class='av-inner-masonry-sizer'><\/div><figure class='av-inner-masonry main_color'><div class=\"av-masonry-outerimage-container\"><div class='av-masonry-image-container' style=\"background-image: url(https:\/\/www.blank-bike.de\/wp\/wp-content\/uploads\/2020\/01\/Honda_NX650_Scrambler-Umbau_12.jpg);\"  title=\"Honda NX650\" ><\/div><\/div><figcaption class='av-inner-masonry-content site-background'><div class='av-inner-masonry-content-pos'><div class='av-inner-masonry-content-pos-content'><div class='avia-arrow'><\/div><h3 class='av-masonry-entry-title entry-title '  itemprop=\"headline\" >Sch\u00f6ne und bequeme Sitzb\u00e4nke schon ab 79 Euro!<\/h3><span class='av-masonry-date meta-color updated'>23. Februar 2020<\/span><span class=\"av-masonry-text-sep text-sep-author\">\/<\/span><span class='av-masonry-author meta-color author'><span class='fn'>von J\u00fcrgen Krau\u00df<\/span><\/span><\/div><\/div><\/figcaption><\/figure><\/a><!--end av-masonry entry--><a href=\"https:\/\/www.blank-bike.de\/wp\/2020\/02\/23\/preisanfrage-fuer-einen-motorrad-umbau-kostenvoranschlag-und-angebot\/\"  id='av-masonry-1-item-1055' data-av-masonry-item='1055' class='av-masonry-entry isotope-item post-1055 post type-post status-publish format-standard has-post-thumbnail hentry category-preise tag-angebot tag-kostenvoranschlag tag-preis tag-schaetzung tag-umbau all_sort preise_sort  av-masonry-item-with-image' title=\"BMW Custom-Bike by Blank-Bike\"   itemscope=\"itemscope\" itemtype=\"https:\/\/schema.org\/CreativeWork\" ><div class='av-inner-masonry-sizer'><\/div><figure class='av-inner-masonry main_color'><div class=\"av-masonry-outerimage-container\"><div class='av-masonry-image-container' style=\"background-image: url(https:\/\/www.blank-bike.de\/wp\/wp-content\/uploads\/2020\/02\/1_2_Wohn-705x455.jpg);\"  title=\"BMW Custom-Bike by Blank-Bike\" ><\/div><\/div><figcaption class='av-inner-masonry-content site-background'><div class='av-inner-masonry-content-pos'><div class='av-inner-masonry-content-pos-content'><div class='avia-arrow'><\/div><h3 class='av-masonry-entry-title entry-title '  itemprop=\"headline\" >Preisanfrage f\u00fcr einen Motorrad-Umbau \u2013 Kostenvoranschlag und Angebot<\/h3><span class='av-masonry-date meta-color updated'>23. Februar 2020<\/span><span class=\"av-masonry-text-sep text-sep-author\">\/<\/span><span class='av-masonry-author meta-color author'><span class='fn'>von J\u00fcrgen Krau\u00df<\/span><\/span><\/div><\/div><\/figcaption><\/figure><\/a><!--end av-masonry entry--><a href=\"https:\/\/www.blank-bike.de\/wp\/2020\/02\/23\/rahmenheck-umbauen-aendern-erneuern-wie-funktioniert-das-und-was-kostet-es\/\"  id='av-masonry-1-item-1034' data-av-masonry-item='1034' class='av-masonry-entry isotope-item post-1034 post type-post status-publish format-standard has-post-thumbnail hentry category-blank-umbauten category-preise tag-heck tag-rahmenheck tag-sitzbank tag-spezialanfertigung tag-tuev tag-umbau all_sort blank-umbauten_sort  preise_sort  av-masonry-item-with-image' title=\"Blank-Bike Rahmenheck\"   itemscope=\"itemscope\" itemtype=\"https:\/\/schema.org\/CreativeWork\" ><div class='av-inner-masonry-sizer'><\/div><figure class='av-inner-masonry main_color'><div class=\"av-masonry-outerimage-container\"><div class='av-masonry-image-container' style=\"background-image: url(https:\/\/www.blank-bike.de\/wp\/wp-content\/uploads\/2020\/02\/6_Heck-705x470.jpg);\"  title=\"Blank-Bike Rahmenheck\" ><\/div><\/div><figcaption class='av-inner-masonry-content site-background'><div class='av-inner-masonry-content-pos'><div class='av-inner-masonry-content-pos-content'><div class='avia-arrow'><\/div><h3 class='av-masonry-entry-title entry-title '  itemprop=\"headline\" >Rahmenheck umbauen, \u00e4ndern, erneuern \u2013 wie funktioniert das und was kostet es?<\/h3><span class='av-masonry-date meta-color updated'>23. Februar 2020<\/span><span class=\"av-masonry-text-sep text-sep-author\">\/<\/span><span class='av-masonry-author meta-color author'><span class='fn'>von J\u00fcrgen Krau\u00df<\/span><\/span><\/div><\/div><\/figcaption><\/figure><\/a><!--end av-masonry entry--><a href=\"https:\/\/www.blank-bike.de\/wp\/2020\/02\/22\/was-kostet-eine-umgebaute-bmw-boxer-maschine\/\"  id='av-masonry-1-item-835' data-av-masonry-item='835' class='av-masonry-entry isotope-item post-835 post type-post status-publish format-standard has-post-thumbnail hentry category-blank-umbauten category-preise tag-beispiel tag-bmw tag-boxer tag-kosten tag-rechnung tag-umbau all_sort blank-umbauten_sort  preise_sort  av-masonry-item-with-image' title=\"BMW R100 (rot)\"   itemscope=\"itemscope\" itemtype=\"https:\/\/schema.org\/CreativeWork\" ><div class='av-inner-masonry-sizer'><\/div><figure class='av-inner-masonry main_color'><div class=\"av-masonry-outerimage-container\"><div class='av-masonry-image-container' style=\"background-image: url(https:\/\/www.blank-bike.de\/wp\/wp-content\/uploads\/2020\/02\/blank-bike_BMW_R100_Rot-468x705.jpg);\"  title=\"BMW R100 (rot)\" ><\/div><\/div><figcaption class='av-inner-masonry-content site-background'><div class='av-inner-masonry-content-pos'><div class='av-inner-masonry-content-pos-content'><div class='avia-arrow'><\/div><h3 class='av-masonry-entry-title entry-title '  itemprop=\"headline\" >Was kostet eine umgebaute BMW-Boxer-Maschine?<\/h3><span class='av-masonry-date meta-color updated'>22. Februar 2020<\/span><span class=\"av-masonry-text-sep text-sep-author\">\/<\/span><span class='av-masonry-author meta-color author'><span class='fn'>von J\u00fcrgen Krau\u00df<\/span><\/span><\/div><\/div><\/figcaption><\/figure><\/a><!--end av-masonry entry--><\/div><\/div><\/div>\n","protected":false},"excerpt":{"rendered":"","protected":false},"author":1,"featured_media":0,"parent":0,"menu_order":0,"comment_status":"closed","ping_status":"closed","template":"","meta":{"footnotes":""},"class_list":["post-1019","page","type-page","status-publish","hentry"],"_links":{"self":[{"href":"https:\/\/www.blank-bike.de\/wp\/wp-json\/wp\/v2\/pages\/1019","targetHints":{"allow":["GET"]}}],"collection":[{"href":"https:\/\/www.blank-bike.de\/wp\/wp-json\/wp\/v2\/pages"}],"about":[{"href":"https:\/\/www.blank-bike.de\/wp\/wp-json\/wp\/v2\/types\/page"}],"author":[{"embeddable":true,"href":"https:\/\/www.blank-bike.de\/wp\/wp-json\/wp\/v2\/users\/1"}],"replies":[{"embeddable":true,"href":"https:\/\/www.blank-bike.de\/wp\/wp-json\/wp\/v2\/comments?post=1019"}],"version-history":[{"count":7,"href":"https:\/\/www.blank-bike.de\/wp\/wp-json\/wp\/v2\/pages\/1019\/revisions"}],"predecessor-version":[{"id":1113,"href":"https:\/\/www.blank-bike.de\/wp\/wp-json\/wp\/v2\/pages\/1019\/revisions\/1113"}],"wp:attachment":[{"href":"https:\/\/www.blank-bike.de\/wp\/wp-json\/wp\/v2\/media?parent=1019"}],"curies":[{"name":"wp","href":"https:\/\/api.w.org\/{rel}","templated":true}]}}