{"id":700,"date":"2020-01-06T09:01:09","date_gmt":"2020-01-06T08:01:09","guid":{"rendered":"https:\/\/blank-bike.de\/wp\/?page_id=700"},"modified":"2020-03-06T20:12:14","modified_gmt":"2020-03-06T19:12:14","slug":"individueller-motorrad-umbau-wunschmotorrad","status":"publish","type":"page","link":"https:\/\/www.blank-bike.de\/wp\/dein-individuelles-custom-bike-bmw-scrambler-umbau-und-mehr\/individueller-motorrad-umbau-wunschmotorrad\/","title":{"rendered":"Individueller Motorrad-Umbau: Wunschmotorrad"},"content":{"rendered":"\n<style type=\"text\/css\" data-created_by=\"avia_inline_auto\" id=\"style-css-av-8svy4-467e5adbb033d951aa4b004f9b91a03a\">\n.flex_column.av-8svy4-467e5adbb033d951aa4b004f9b91a03a{\nborder-radius:0px 0px 0px 0px;\npadding:0px 0px 0px 0px;\n}\n<\/style>\n<div  class='flex_column av-8svy4-467e5adbb033d951aa4b004f9b91a03a av_one_full  avia-builder-el-0  el_before_av_four_fifth  avia-builder-el-first  first flex_column_div av-zero-column-padding  '     ><style type=\"text\/css\" data-created_by=\"avia_inline_auto\" id=\"style-css-av-k7gk2n28-81169ca9ebf49bafedd47484d17748ad\">\n#top .av-special-heading.av-k7gk2n28-81169ca9ebf49bafedd47484d17748ad{\npadding-bottom:0;\n}\nbody .av-special-heading.av-k7gk2n28-81169ca9ebf49bafedd47484d17748ad .av-special-heading-tag .heading-char{\nfont-size:25px;\n}\n.av-special-heading.av-k7gk2n28-81169ca9ebf49bafedd47484d17748ad .av-subheading{\nfont-size:15px;\n}\n<\/style>\n<div  class='av-special-heading av-k7gk2n28-81169ca9ebf49bafedd47484d17748ad av-special-heading-h1  avia-builder-el-1  avia-builder-el-no-sibling '><h1 class='av-special-heading-tag '  itemprop=\"headline\"  >Individueller Motorrad-Umbau: Wunschmotorrad<\/h1><div class=\"special-heading-border\"><div class=\"special-heading-inner-border\"><\/div><\/div><\/div><\/div>\n<style type=\"text\/css\" data-created_by=\"avia_inline_auto\" id=\"style-css-av-8lx6c-ee1a5743d6277ba3510b8513d620347a\">\n.flex_column.av-8lx6c-ee1a5743d6277ba3510b8513d620347a{\nborder-radius:0px 0px 0px 0px;\npadding:0px 0px 0px 0px;\n}\n<\/style>\n<div  class='flex_column av-8lx6c-ee1a5743d6277ba3510b8513d620347a av_four_fifth  avia-builder-el-2  el_after_av_one_full  el_before_av_one_fifth  first flex_column_div av-zero-column-padding  column-top-margin'     ><style type=\"text\/css\" data-created_by=\"avia_inline_auto\" id=\"style-css-av-k525o4as-1cb501283cd61d2f661d5a5f6d4022b9\">\n#top .av_textblock_section.av-k525o4as-1cb501283cd61d2f661d5a5f6d4022b9 .avia_textblock{\nfont-size:16px;\n}\n<\/style>\n<section  class='av_textblock_section av-k525o4as-1cb501283cd61d2f661d5a5f6d4022b9 '   itemscope=\"itemscope\" itemtype=\"https:\/\/schema.org\/CreativeWork\" ><div class='avia_textblock'  itemprop=\"text\" ><p>Du suchst eine geeignete BMW-Maschine f\u00fcr deinen individuellen Umbau? Gar nicht so einfach. Entweder ist das Modell zu schwer zu finden oder der Zustand ist antiquiert. Manchmal stimmt auch einfach der Preis nicht oder das Motorrad ist am anderen Ende der Republik \u2013 ohne eine sinnvolle M\u00f6glichkeit des Transports.<\/p>\n<p>Keine Panik \u2013 wir haben nicht nur die entsprechenden Kontakte, sondern auch den professionellen Blick, das notwendige Verhandlungsgeschick sowie alles, was man f\u00fcr den fachgerechten Motorradtransport ben\u00f6tigt (selbst falls das Bike fahruntauglich sein sollte).<\/p>\n<\/div><\/section><\/div>\n<style type=\"text\/css\" data-created_by=\"avia_inline_auto\" id=\"style-css-av-88diu-cfe93517bd32c1861297da7f695fa32a\">\n.flex_column.av-88diu-cfe93517bd32c1861297da7f695fa32a{\nborder-radius:0px 0px 0px 0px;\npadding:0px 0px 0px 0px;\n}\n<\/style>\n<div  class='flex_column av-88diu-cfe93517bd32c1861297da7f695fa32a av_one_fifth  avia-builder-el-4  el_after_av_four_fifth  el_before_av_one_full  flex_column_div av-zero-column-padding  column-top-margin'     ><section  class='av_textblock_section av-k5266qr5-fb20fbc7b5abd2c5b677d5a0ce6b6e49 '   itemscope=\"itemscope\" itemtype=\"https:\/\/schema.org\/CreativeWork\" ><div class='avia_textblock'  itemprop=\"text\" ><h3>Oder:<\/h3>\n<\/div><\/section><br \/>\n<div  class='avia-button-wrap av-k5264u0c-cb46d14d15752146abe27ff3a9bc918b-wrap avia-button-left  avia-builder-el-6  el_after_av_textblock  el_before_av_hr '><a href='https:\/\/www.blank-bike.de\/wp\/dein-individuelles-custom-bike-bmw-scrambler-umbau-und-mehr\/individueller-motorrad-umbau-kundenfahrzeug\/'  class='avia-button av-k5264u0c-cb46d14d15752146abe27ff3a9bc918b av-link-btn avia-icon_select-yes-left-icon avia-size-small avia-position-left avia-color-theme-color'   aria-label=\"Komplettumbau\"><span class='avia_button_icon avia_button_icon_left avia-iconfont avia-font-entypo-fontello' data-av_icon='\ue856' data-av_iconfont='entypo-fontello' ><\/span><span class='avia_iconbox_title' >Komplettumbau<\/span><\/a><\/div><br \/>\n\n<style type=\"text\/css\" data-created_by=\"avia_inline_auto\" id=\"style-css-av-k52680x6-5efca703875f3d9efc403c849734f3d4\">\n#top .hr.hr-invisible.av-k52680x6-5efca703875f3d9efc403c849734f3d4{\nheight:6px;\n}\n<\/style>\n<div  class='hr av-k52680x6-5efca703875f3d9efc403c849734f3d4 hr-invisible  avia-builder-el-7  el_after_av_button  el_before_av_button '><span class='hr-inner '><span class=\"hr-inner-style\"><\/span><\/span><\/div><br \/>\n<div  class='avia-button-wrap av-k5265mxa-28c8d2f82cd09493e3a5ec1e5f113654-wrap avia-button-left  avia-builder-el-8  el_after_av_hr  avia-builder-el-last '><a href='https:\/\/www.blank-bike.de\/wp\/dein-individuelles-custom-bike-bmw-scrambler-umbau-und-mehr\/individueller-motorrad-umbau-teil-umbau\/'  class='avia-button av-k5265mxa-28c8d2f82cd09493e3a5ec1e5f113654 av-link-btn avia-icon_select-yes-left-icon avia-size-small avia-position-left avia-color-theme-color'   aria-label=\"Teilumbau\"><span class='avia_button_icon avia_button_icon_left avia-iconfont avia-font-entypo-fontello' data-av_icon='\ue860' data-av_iconfont='entypo-fontello' ><\/span><span class='avia_iconbox_title' >Teilumbau<\/span><\/a><\/div><\/p><\/div><\/p>\n\n<style type=\"text\/css\" data-created_by=\"avia_inline_auto\" id=\"style-css-av-7ekzf-77e79731008dbc214d01855e6e904a5c\">\n.flex_column.av-7ekzf-77e79731008dbc214d01855e6e904a5c{\nborder-radius:0px 0px 0px 0px;\npadding:0px 0px 0px 0px;\n}\n<\/style>\n<div  class='flex_column av-7ekzf-77e79731008dbc214d01855e6e904a5c av_one_full  avia-builder-el-9  el_after_av_one_fifth  el_before_av_one_fifth  first flex_column_div av-zero-column-padding  column-top-margin'     ><p>\n<style type=\"text\/css\" data-created_by=\"avia_inline_auto\" id=\"style-css-av-av_heading-f5606dbecab83a3020be40e687697862\">\n#top .av-special-heading.av-av_heading-f5606dbecab83a3020be40e687697862{\npadding-bottom:10px;\n}\nbody .av-special-heading.av-av_heading-f5606dbecab83a3020be40e687697862 .av-special-heading-tag .heading-char{\nfont-size:25px;\n}\n.av-special-heading.av-av_heading-f5606dbecab83a3020be40e687697862 .av-subheading{\nfont-size:15px;\n}\n<\/style>\n<div  class='av-special-heading av-av_heading-f5606dbecab83a3020be40e687697862 av-special-heading-h6  avia-builder-el-10  el_before_av_portfolio  avia-builder-el-no-sibling '><h6 class='av-special-heading-tag '  itemprop=\"headline\"  >Unsere bisherigen Umbauten:<\/h6><div class=\"special-heading-border\"><div class=\"special-heading-inner-border\"><\/div><\/div><\/div><br \/>\n<div  id=\"av-sc-portfolio-1\"  class=' grid-sort-container isotope   no_margin-container with-title-container grid-total-even grid-col-6 grid-links-' data-portfolio-id='1'><div data-ajax-id='1209' class=' grid-entry flex_column isotope-item all_sort no_margin post-entry post-entry-1209 grid-entry-overview grid-loop-1 grid-parity-odd  bmw_sort zum-verkauf_sort  av_one_sixth first default_av_fullwidth '><article class='main_color inner-entry'  itemscope=\"itemscope\" itemtype=\"https:\/\/schema.org\/CreativeWork\" ><a href=\"https:\/\/www.blank-bike.de\/wp\/portfolio-item\/bmw-r100-scrambler-umbau-zum-verkauf\/\" title='BMW R100 Scrambler-Umbau'  data-rel='grid-1' class='grid-image avia-hover-fx'> <img decoding=\"async\" fetchpriority=\"high\" width=\"260\" height=\"185\" src=\"https:\/\/www.blank-bike.de\/wp\/wp-content\/uploads\/2020\/02\/1_R100R-1-260x185.jpg\" class=\"wp-image-1210 avia-img-lazy-loading-not-1210 attachment-portfolio_small size-portfolio_small wp-post-image\" alt=\"BMW R100 Custom-Bike Scrambler-Umbau von Blank-Bike\" \/><\/a><div class='grid-content'><div class='avia-arrow'><\/div><header class=\"entry-content-header\" aria-label=\"Portfolio: BMW R100 Scrambler-Umbau\"><h3 class='grid-entry-title entry-title '  itemprop=\"headline\" ><a href='https:\/\/www.blank-bike.de\/wp\/portfolio-item\/bmw-r100-scrambler-umbau-zum-verkauf\/' title='BMW R100 Scrambler-Umbau'>BMW R100 Scrambler-Umbau<\/a><\/h3><\/header><\/div><footer class=\"entry-footer\"><\/footer><\/article><\/div><div data-ajax-id='547' class=' grid-entry flex_column isotope-item all_sort no_margin post-entry post-entry-547 grid-entry-overview grid-loop-2 grid-parity-even  bmw_sort  av_one_sixth  default_av_fullwidth '><article class='main_color inner-entry'  itemscope=\"itemscope\" itemtype=\"https:\/\/schema.org\/CreativeWork\" ><a href=\"https:\/\/www.blank-bike.de\/wp\/portfolio-item\/bmw-extrema\/\" title='BMW Extrema'  data-rel='grid-1' class='grid-image avia-hover-fx'> <img decoding=\"async\" fetchpriority=\"high\" width=\"260\" height=\"185\" src=\"https:\/\/www.blank-bike.de\/wp\/wp-content\/uploads\/2019\/12\/01_bmw_extrema-260x185.jpg\" class=\"wp-image-548 avia-img-lazy-loading-not-548 attachment-portfolio_small size-portfolio_small wp-post-image\" alt=\"\" \/><\/a><div class='grid-content'><div class='avia-arrow'><\/div><header class=\"entry-content-header\" aria-label=\"Portfolio: BMW Extrema\"><h3 class='grid-entry-title entry-title '  itemprop=\"headline\" ><a href='https:\/\/www.blank-bike.de\/wp\/portfolio-item\/bmw-extrema\/' title='BMW Extrema'>BMW Extrema<\/a><\/h3><\/header><\/div><footer class=\"entry-footer\"><\/footer><\/article><\/div><div data-ajax-id='667' class=' grid-entry flex_column isotope-item all_sort no_margin post-entry post-entry-667 grid-entry-overview grid-loop-3 grid-parity-odd  bmw_sort  av_one_sixth  default_av_fullwidth '><article class='main_color inner-entry'  itemscope=\"itemscope\" itemtype=\"https:\/\/schema.org\/CreativeWork\" ><a href=\"https:\/\/www.blank-bike.de\/wp\/portfolio-item\/bmw-r65-scrambler\/\" title='BMW R65 Scrambler'  data-rel='grid-1' class='grid-image avia-hover-fx'> <img decoding=\"async\" fetchpriority=\"high\" width=\"260\" height=\"185\" src=\"https:\/\/www.blank-bike.de\/wp\/wp-content\/uploads\/2020\/01\/BMW_R65_Scrambler_08-260x185.jpg\" class=\"wp-image-675 avia-img-lazy-loading-not-675 attachment-portfolio_small size-portfolio_small wp-post-image\" alt=\"\" \/><\/a><div class='grid-content'><div class='avia-arrow'><\/div><header class=\"entry-content-header\" aria-label=\"Portfolio: BMW R65 Scrambler\"><h3 class='grid-entry-title entry-title '  itemprop=\"headline\" ><a href='https:\/\/www.blank-bike.de\/wp\/portfolio-item\/bmw-r65-scrambler\/' title='BMW R65 Scrambler'>BMW R65 Scrambler<\/a><\/h3><\/header><\/div><footer class=\"entry-footer\"><\/footer><\/article><\/div><div data-ajax-id='504' class=' grid-entry flex_column isotope-item all_sort no_margin post-entry post-entry-504 grid-entry-overview grid-loop-4 grid-parity-even  bmw_sort  av_one_sixth  default_av_fullwidth '><article class='main_color inner-entry'  itemscope=\"itemscope\" itemtype=\"https:\/\/schema.org\/CreativeWork\" ><a href=\"https:\/\/www.blank-bike.de\/wp\/portfolio-item\/bmw-r100\/\" title='BMW R100'  data-rel='grid-1' class='grid-image avia-hover-fx'> <img decoding=\"async\" fetchpriority=\"high\" width=\"260\" height=\"185\" src=\"https:\/\/www.blank-bike.de\/wp\/wp-content\/uploads\/2019\/12\/02_bmw_r100-260x185.jpg\" class=\"wp-image-506 avia-img-lazy-loading-not-506 attachment-portfolio_small size-portfolio_small wp-post-image\" alt=\"\" \/><\/a><div class='grid-content'><div class='avia-arrow'><\/div><header class=\"entry-content-header\" aria-label=\"Portfolio: BMW R100\"><h3 class='grid-entry-title entry-title '  itemprop=\"headline\" ><a href='https:\/\/www.blank-bike.de\/wp\/portfolio-item\/bmw-r100\/' title='BMW R100'>BMW R100<\/a><\/h3><\/header><\/div><footer class=\"entry-footer\"><\/footer><\/article><\/div><div data-ajax-id='600' class=' grid-entry flex_column isotope-item all_sort no_margin post-entry post-entry-600 grid-entry-overview grid-loop-5 grid-parity-odd  andere-marken_sort  av_one_sixth  default_av_fullwidth '><article class='main_color inner-entry'  itemscope=\"itemscope\" itemtype=\"https:\/\/schema.org\/CreativeWork\" ><a href=\"https:\/\/www.blank-bike.de\/wp\/portfolio-item\/honda-cb1300\/\" title='Honda CB1300'  data-rel='grid-1' class='grid-image avia-hover-fx'> <img decoding=\"async\" fetchpriority=\"high\" width=\"260\" height=\"185\" src=\"https:\/\/www.blank-bike.de\/wp\/wp-content\/uploads\/2020\/01\/Honda_CB1300-260x185.jpg\" class=\"wp-image-601 avia-img-lazy-loading-not-601 attachment-portfolio_small size-portfolio_small wp-post-image\" alt=\"\" \/><\/a><div class='grid-content'><div class='avia-arrow'><\/div><header class=\"entry-content-header\" aria-label=\"Portfolio: Honda CB1300\"><h3 class='grid-entry-title entry-title '  itemprop=\"headline\" ><a href='https:\/\/www.blank-bike.de\/wp\/portfolio-item\/honda-cb1300\/' title='Honda CB1300'>Honda CB1300<\/a><\/h3><\/header><\/div><footer class=\"entry-footer\"><\/footer><\/article><\/div><div data-ajax-id='1305' class=' grid-entry flex_column isotope-item all_sort no_margin post-entry post-entry-1305 grid-entry-overview grid-loop-6 grid-parity-even  post-entry-last  bmw_sort zum-verkauf_sort  av_one_sixth  default_av_fullwidth '><article class='main_color inner-entry'  itemscope=\"itemscope\" itemtype=\"https:\/\/schema.org\/CreativeWork\" ><a href=\"https:\/\/www.blank-bike.de\/wp\/portfolio-item\/aktuelle-fahrzeuge-zum-verkauf\/\" title='Aktuelle BMWs zum Verkauf'  data-rel='grid-1' class='grid-image avia-hover-fx'> <img decoding=\"async\" fetchpriority=\"high\" width=\"260\" height=\"185\" src=\"https:\/\/www.blank-bike.de\/wp\/wp-content\/uploads\/2020\/02\/blank-bike-werkstatt-260x185.jpg\" class=\"wp-image-903 avia-img-lazy-loading-not-903 attachment-portfolio_small size-portfolio_small wp-post-image\" alt=\"Blank-Bike Werkstatt\" \/><\/a><div class='grid-content'><div class='avia-arrow'><\/div><header class=\"entry-content-header\" aria-label=\"Portfolio: Aktuelle BMWs zum Verkauf\"><h3 class='grid-entry-title entry-title '  itemprop=\"headline\" ><a href='https:\/\/www.blank-bike.de\/wp\/portfolio-item\/aktuelle-fahrzeuge-zum-verkauf\/' title='Aktuelle BMWs zum Verkauf'>Aktuelle BMWs zum Verkauf<\/a><\/h3><\/header><\/div><footer class=\"entry-footer\"><\/footer><\/article><\/div><\/div><br \/>\n\n<style type=\"text\/css\" data-created_by=\"avia_inline_auto\" id=\"style-css-av-k7gk26cg-9048975e0dcc2b6b90ba339413c3d0b2\">\n#top .hr.hr-invisible.av-k7gk26cg-9048975e0dcc2b6b90ba339413c3d0b2{\nheight:22px;\n}\n<\/style>\n<div  class='hr av-k7gk26cg-9048975e0dcc2b6b90ba339413c3d0b2 hr-invisible  avia-builder-el-12  el_after_av_portfolio  el_before_av_textblock  avia-builder-el-first '><span class='hr-inner '><span class=\"hr-inner-style\"><\/span><\/span><\/div><br \/>\n<section  class='av_textblock_section av-k525o4as-e4fa8c4c5dc162311812ea73d6e55f6e '   itemscope=\"itemscope\" itemtype=\"https:\/\/schema.org\/CreativeWork\" ><div class='avia_textblock'  itemprop=\"text\" ><h2>Du suchst, wir finden!<\/h2>\n<p><img loading=\"lazy\" decoding=\"async\" class=\"alignright size-square wp-image-748\" src=\"https:\/\/www.blank-bike.de\/wp\/wp-content\/uploads\/2020\/01\/bmw_gesucht-180x180.jpg\" alt=\"\" width=\"180\" height=\"180\" srcset=\"https:\/\/www.blank-bike.de\/wp\/wp-content\/uploads\/2020\/01\/bmw_gesucht-180x180.jpg 180w, https:\/\/www.blank-bike.de\/wp\/wp-content\/uploads\/2020\/01\/bmw_gesucht-80x80.jpg 80w, https:\/\/www.blank-bike.de\/wp\/wp-content\/uploads\/2020\/01\/bmw_gesucht-36x36.jpg 36w\" sizes=\"auto, (max-width: 180px) 100vw, 180px\" \/><\/p>\n<p>Wir suchen mit dir deutschlandweit nach einer geeignete Maschine \u2013 egal ob eine g\u00fcnstige R65, eine R80, eine R100 oder auch eine GD. Auf <a href=\"https:\/\/www.mobile.de\">Mobile.de<\/a> oder bei <a href=\"https:\/\/www.ebay-kleinanzeigen.de\/\" target=\"_blank\" rel=\"noopener noreferrer\">ebay-Kleinanzeigen<\/a> finden wir eine geeignete Maschine. Wir nehmen mit dem Verk\u00e4ufer Kontakt auf und \u00fcberpr\u00fcfen seine Angaben wie Laufleistung oder Unfallfreiheit. Au\u00dferdem lassen wir uns den technisch einwandfreien Zustand im Kaufvertrag belegen. So sichern wir uns und dich ab, dass das Motorrad auch den Erwartungen entspricht.<\/p>\n<p>In Absprache mit uns kaufst du das Motorrad \u2013 wobei wir uns selbstverst\u00e4ndlich dann um den Transport k\u00fcmmern. Sobald das Bike bei uns auf dem Hof steht, pr\u00fcfen wir es ausf\u00fchrlichst, bevor wir es dann zerlegen, s\u00e4ubern, sandstrahlen und neu aufbauen. Alle Verschlei\u00dfteile wie Reifen, Bremsbel\u00e4ge, Lager und so weiter erneuern wir, Motor und Getriebe werden nach Absprache mit dir ebenfalls zerlegt, gepr\u00fcft, \u00fcberholt, abgedichtet und neu eingestellt.<\/p>\n<p>An jeder fertigen Maschinen wurde also immer auch gleich ein gro\u00dfer Kundendienst durchgef\u00fchrt, schlie\u00dflich sind diese Motorr\u00e4der als Oldtimer oft bereits mehr als 30 Jahre alt.<\/p>\n<p>Jetzt bist aber du dran: Erz\u00e4hl und von deinen Pl\u00e4nen!<\/p>\n<\/div><\/section><\/p><\/div>\n<style type=\"text\/css\" data-created_by=\"avia_inline_auto\" id=\"style-css-av-fki03-31a087a2c3f924b335b2dc76228e3ab5\">\n.flex_column.av-fki03-31a087a2c3f924b335b2dc76228e3ab5{\nborder-radius:0px 0px 0px 0px;\npadding:0px 0px 0px 0px;\n}\n<\/style>\n<div  class='flex_column av-fki03-31a087a2c3f924b335b2dc76228e3ab5 av_one_fifth  avia-builder-el-14  el_after_av_one_full  el_before_av_four_fifth  first flex_column_div av-zero-column-padding  column-top-margin'     ><style type=\"text\/css\" data-created_by=\"avia_inline_auto\" id=\"style-css-av-k525dv4s-4614ccf7e0804e9f660a6ae309c5aa31\">\n.av_font_icon.av-k525dv4s-4614ccf7e0804e9f660a6ae309c5aa31{\ncolor:#fc7030;\nborder-color:#fc7030;\n}\n.avia-svg-icon.av-k525dv4s-4614ccf7e0804e9f660a6ae309c5aa31 svg:first-child{\nstroke:#fc7030;\nfill:#fc7030;\n}\n.av_font_icon.av-k525dv4s-4614ccf7e0804e9f660a6ae309c5aa31 .av-icon-char{\nfont-size:40px;\nline-height:40px;\nwidth:40px;\n}\n<\/style>\n<span  class='av_font_icon av-k525dv4s-4614ccf7e0804e9f660a6ae309c5aa31 avia_animate_when_visible av-icon-style-border avia-icon-pos-center avia-iconfont avia-font-entypo-fontello avia-icon-animate'><span class='av-icon-char' data-av_icon='\ue805' data-av_iconfont='entypo-fontello' aria-hidden=\"true\" ><\/span><span class='av_icon_caption av-special-font'>Kontakt<\/span><\/span><\/div><\/p>\n\n<style type=\"text\/css\" data-created_by=\"avia_inline_auto\" id=\"style-css-av-80cxn-05bff4b485bc873ded0074b9d41ffe6f\">\n.flex_column.av-80cxn-05bff4b485bc873ded0074b9d41ffe6f{\nborder-radius:0px 0px 0px 0px;\npadding:0px 0px 0px 0px;\n}\n<\/style>\n<div  class='flex_column av-80cxn-05bff4b485bc873ded0074b9d41ffe6f av_four_fifth  avia-builder-el-16  el_after_av_one_fifth  avia-builder-el-last  flex_column_div av-zero-column-padding  column-top-margin'     ><section  class='av_textblock_section av-b31i3-7f0a27182985ad455e9a870465ffa9c7 '   itemscope=\"itemscope\" itemtype=\"https:\/\/schema.org\/CreativeWork\" ><div class='avia_textblock'  itemprop=\"text\" >\n<div class=\"wpcf7 no-js\" id=\"wpcf7-f692-o1\" lang=\"de-DE\" dir=\"ltr\" data-wpcf7-id=\"692\">\n<div class=\"screen-reader-response\"><p role=\"status\" aria-live=\"polite\" aria-atomic=\"true\"><\/p> <ul><\/ul><\/div>\n<form action=\"\/wp\/wp-json\/wp\/v2\/pages\/700#wpcf7-f692-o1\" method=\"post\" class=\"wpcf7-form init\" aria-label=\"Kontaktformular\" enctype=\"multipart\/form-data\" novalidate=\"novalidate\" data-status=\"init\">\n<div style=\"display: none;\">\n<input type=\"hidden\" name=\"_wpcf7\" value=\"692\" \/>\n<input type=\"hidden\" name=\"_wpcf7_version\" value=\"6.0.4\" \/>\n<input type=\"hidden\" name=\"_wpcf7_locale\" value=\"de_DE\" \/>\n<input type=\"hidden\" name=\"_wpcf7_unit_tag\" value=\"wpcf7-f692-o1\" \/>\n<input type=\"hidden\" name=\"_wpcf7_container_post\" value=\"0\" \/>\n<input type=\"hidden\" name=\"_wpcf7_posted_data_hash\" value=\"\" \/>\n<\/div>\n<p><label> Dein Name (Pflichtfeld)<br \/>\n<span class=\"wpcf7-form-control-wrap\" data-name=\"your-name\"><input size=\"40\" maxlength=\"400\" class=\"wpcf7-form-control wpcf7-text wpcf7-validates-as-required\" aria-required=\"true\" aria-invalid=\"false\" value=\"\" type=\"text\" name=\"your-name\" \/><\/span> <\/label>\n<\/p>\n<p><label> Deine E-Mail-Adresse (Pflichtfeld)<br \/>\n<span class=\"wpcf7-form-control-wrap\" data-name=\"your-email\"><input size=\"40\" maxlength=\"400\" class=\"wpcf7-form-control wpcf7-email wpcf7-validates-as-required wpcf7-text wpcf7-validates-as-email\" aria-required=\"true\" aria-invalid=\"false\" value=\"\" type=\"email\" name=\"your-email\" \/><\/span> <\/label>\n<\/p>\n<p><label> Betreff<br \/>\n<span class=\"wpcf7-form-control-wrap\" data-name=\"your-subject\"><input size=\"40\" maxlength=\"400\" class=\"wpcf7-form-control wpcf7-text\" aria-invalid=\"false\" value=\"\" type=\"text\" name=\"your-subject\" \/><\/span> <\/label>\n<\/p>\n<p><label> Deine Nachricht<br \/>\n<span class=\"wpcf7-form-control-wrap\" data-name=\"your-message\"><textarea cols=\"40\" rows=\"10\" maxlength=\"2000\" class=\"wpcf7-form-control wpcf7-textarea\" aria-invalid=\"false\" name=\"your-message\"><\/textarea><\/span> <\/label>\n<\/p>\n<p><label> Dateien anh\u00e4ngen <small>akzeptierte Dateitypen: jpg, bmp, png, gif, pdf<\/small><br \/>\n<span class=\"wpcf7-form-control-wrap\" data-name=\"file-970\"><input size=\"40\" class=\"wpcf7-form-control wpcf7-file\" accept=\".jpg,.jpeg,.bmp,.png,.gif,.pdf\" aria-invalid=\"false\" type=\"file\" name=\"file-970\" \/><\/span> <\/label>\n<\/p>\n<p><span class=\"wpcf7-form-control-wrap\" data-name=\"accept-gdpr\"><span class=\"wpcf7-form-control wpcf7-acceptance\"><span class=\"wpcf7-list-item\"><label><input type=\"checkbox\" name=\"accept-gdpr\" value=\"1\" aria-invalid=\"false\" \/><span class=\"wpcf7-list-item-label\"><a href=\"\/wp\/datenschutzerklaerung\" target=\"_blank\">Datenschutzbedingungen<\/a> gelesen und akzeptiert<\/span><\/label><\/span><\/span><\/span> (Pflicht)<br \/>\n<span class=\"wpcf7-form-control-wrap\" data-name=\"accept-contact\"><span class=\"wpcf7-form-control wpcf7-acceptance\"><span class=\"wpcf7-list-item\"><label><input type=\"checkbox\" name=\"accept-contact\" value=\"1\" aria-invalid=\"false\" \/><span class=\"wpcf7-list-item-label\">Blank-Bike darf mich auf den oben ausgef\u00fcllten Wegen kontaktieren<\/span><\/label><\/span><\/span><\/span> (Pflicht)\n<\/p>\n<p><input class=\"wpcf7-form-control wpcf7-submit has-spinner\" type=\"submit\" value=\"Senden\" \/>\n<\/p><div class=\"wpcf7-response-output\" aria-hidden=\"true\"><\/div>\n<\/form>\n<\/div>\n\n<\/div><\/section><\/div>\n","protected":false},"excerpt":{"rendered":"","protected":false},"author":1,"featured_media":0,"parent":955,"menu_order":0,"comment_status":"closed","ping_status":"closed","template":"","meta":{"footnotes":""},"class_list":["post-700","page","type-page","status-publish","hentry"],"_links":{"self":[{"href":"https:\/\/www.blank-bike.de\/wp\/wp-json\/wp\/v2\/pages\/700","targetHints":{"allow":["GET"]}}],"collection":[{"href":"https:\/\/www.blank-bike.de\/wp\/wp-json\/wp\/v2\/pages"}],"about":[{"href":"https:\/\/www.blank-bike.de\/wp\/wp-json\/wp\/v2\/types\/page"}],"author":[{"embeddable":true,"href":"https:\/\/www.blank-bike.de\/wp\/wp-json\/wp\/v2\/users\/1"}],"replies":[{"embeddable":true,"href":"https:\/\/www.blank-bike.de\/wp\/wp-json\/wp\/v2\/comments?post=700"}],"version-history":[{"count":10,"href":"https:\/\/www.blank-bike.de\/wp\/wp-json\/wp\/v2\/pages\/700\/revisions"}],"predecessor-version":[{"id":1387,"href":"https:\/\/www.blank-bike.de\/wp\/wp-json\/wp\/v2\/pages\/700\/revisions\/1387"}],"up":[{"embeddable":true,"href":"https:\/\/www.blank-bike.de\/wp\/wp-json\/wp\/v2\/pages\/955"}],"wp:attachment":[{"href":"https:\/\/www.blank-bike.de\/wp\/wp-json\/wp\/v2\/media?parent=700"}],"curies":[{"name":"wp","href":"https:\/\/api.w.org\/{rel}","templated":true}]}}